{"id":12,"date":"2023-10-24T17:56:56","date_gmt":"2023-10-24T20:56:56","guid":{"rendered":"https:\/\/ehemot.com.ar\/?page_id=12"},"modified":"2023-11-03T21:33:18","modified_gmt":"2023-11-04T00:33:18","slug":"one-page-express","status":"publish","type":"page","link":"https:\/\/ehemot.com.ar\/","title":{"rendered":"Front Page"},"content":{"rendered":"<div  id=\"productos\" style=\"background-color: #ffffff;\" data-label=\"Productos\" data-id=\"stripped-coloured-icon-boxes\" data-category=\"overlapable\" class=\"features-coloured-icon-boxes-section\" data-overlap=\"true\"> <div  class=\"gridContainer\"> <div  class=\"features-coloured-icon-boxes-innerrow flexbox-list dark-text\" data-type=\"row\"> <div  class=\"features-coloured-icon-boxes-featurecol cp3cols\"> <div  class=\"features-coloured-icon-boxes-iconcontainer\" data-content-item-container=\"true\"> <i  data-cp-fa=\"true\" class=\"features-coloured-icon fa fa-tint\"><\/i> <\/div> <h4  class=\"\">\neHemot<br >Software de Gesti\u00f3n para Servicios de Hemoterapia y Bancos de Sangre.<\/h4> <p  class=\"\">Permite realizar la gesti\u00f3n de hemoterapia de forma forma f\u00e1cil e intuitiva, desde el ingreso y Seguimiento del Donante, sus estudios para la producci\u00f3n de hemoderivados, hasta la aplicaci\u00f3n a Pacientes o env\u00edos a Otras Instituciones.<\/p> <a class=\"features-coloured-button\" href=\"https:\/\/ehemot.com.ar?page_id=319\" target=\"_self\" rel=\"noopener\">m\u00e1s info\u2026<\/a> <\/div> <div  class=\"features-coloured-icon-boxes-featurecol cp3cols\"> <div  class=\"features-coloured-icon-boxes-iconcontainer\" data-content-item-container=\"true\"> <i  data-cp-fa=\"true\" class=\"features-coloured-icon fa fa-bar-chart\"><\/i> <\/div> <h4  class=\"\">CRM \u2013 Sistema para la Gesti\u00f3n con los Clientes.<\/h4> <p  class=\"\">Presentamos una soluci\u00f3n adaptable:<br >Sistema completo para la gesti\u00f3n con los clientes que cubre un amplio conjunto de<br >aplicaciones dise\u00f1adas para ayudar a las empresas a administrar los procesos comerciales.<\/p> <a class=\"features-coloured-button\" href=\"https:\/\/ehemot.com.ar?page_id=321\" target=\"_self\" rel=\"noopener\">m\u00e1s info\u2026<\/a> <\/div>  <div  class=\"features-coloured-icon-boxes-featurecol cp3cols\"> <div  class=\"features-coloured-icon-boxes-iconcontainer\" data-content-item-container=\"true\"> <i  data-cp-fa=\"true\" class=\"features-coloured-icon fa fa-drivers-license-o\"><\/i> <\/div> <h4  class=\"\">Sistema para Cl\u00ednicas M\u00e9dicas, Consultorios y Hospitales.<\/h4> <p  class=\"\">Presentamos una soluci\u00f3n adaptable:<br >Sistema completo para cl\u00ednicas m\u00e9dicas, Consultorios y Hospitales para crear horarios m\u00e9dicos<br >con agendas de calendario y administrar los registros m\u00e9dicos electr\u00f3nicos de los pacientes.<\/p> <a class=\"features-coloured-button\" href=\"https:\/\/ehemot.com.ar?page_id=323\" target=\"_self\" rel=\"noopener\">m\u00e1s info\u2026<\/a> <\/div> <div  class=\"features-coloured-icon-boxes-featurecol cp3cols\"> <div  class=\"features-coloured-icon-boxes-iconcontainer\" data-content-item-container=\"true\"> <i  data-cp-fa=\"true\" class=\"features-coloured-icon fa fa-th\"><\/i> <\/div> <h4  class=\"\">Sistema de Punto de Venta para Restaurantes.<\/h4> <p  class=\"\">Presentamos una soluci\u00f3n adaptable:<br >Sistema de punto de venta para negocios de gastronom\u00eda de interface amigable..<\/p> <a class=\"features-coloured-button\" href=\"https:\/\/ehemot.com.ar?page_id=325\" target=\"_self\" rel=\"noopener\">m\u00e1s info\u2026<\/a> <\/div><\/div> <\/div><\/div><div  id=\"publicaciones\" style=\"background-color: #ffffff;\" data-label=\"Publicaciones\" data-id=\"blog-section\" data-category=\"latest_news\" class=\"blog-section\"> <div  class=\"gridContainer\"> <div  class=\"blog-textrow\"> <div  class=\"blog-textcol dynamic-color\" data-type=\"column\"> <h2  class=\"\">Publicaciones<\/h2> <p  class=\"\">Ultimos art\u00edculos<\/p> <\/div> <\/div> <div  class=\"blog-postsrow dark-text\" data-type=\"row\" data-dynamic-columns=\"one_page_express_latest_news_columns\" data-content-shortcode=\"one_page_express_latest_news\">\t\t\t<div id=\"post-275\" class=\"blog-postcol cp4cols\">\n\t\t\t<div class=\"post-content\">\n\t\t\t\t\t\t\t\t<div class=\"row_345\">\n\t\t\t\t\t<h3 class=\"blog-title\">\n\t\t\t\t\t\t<a href=\"https:\/\/ehemot.com.ar\/?p=275\" rel=\"bookmark\">\n\t\t\t\t\t\t\tVenta de Insumos\t\t\t\t\t\t<\/a>\n\t\t\t\t\t<\/h3>\n\t\t\t\t\t<p>Venta de Productos e Insumos para soluciones de C\u00f3digo de Barra: Las\u00a0Etiquetas Opp\u00a0son para un uso adaptable a un amplio rango de temperaturas y aplicaciones en diversos tipos de superficies,[&hellip;]<\/p>\n\t\t\t\t\t<a class=\"button blue small\" href=\"https:\/\/ehemot.com.ar\/?p=275\">\n\t\t\t\t\t\t<span data-theme=\"one_page_express_latest_news_read_more\">Read more<\/span>\n\t\t\t\t\t<\/a>\n\t\t\t\t\t<hr class=\"blog-separator\">\n<div class=\"post-header\">\n    <i class=\"font-icon-post fa fa-user\"><\/i>\n    <a href=\"https:\/\/ehemot.com.ar\/?author=1\" title=\"Posts by ehemot.com.ar\" rel=\"author\">ehemot.com.ar<\/a>    <i class=\"font-icon-post fa fa-calendar\"><\/i>\n    <span class=\"span12\">1 November, 2023<\/span>\n\n    <i class=\"font-icon-post fa fa-comment-o\"><\/i>\n    <span>0<\/span>\n<\/div>\t\t\t\t<\/div>\n\t\t\t<\/div>\n\t\t<\/div>\n\t\t\t\t<div id=\"post-178\" class=\"blog-postcol cp4cols\">\n\t\t\t<div class=\"post-content\">\n\t\t\t\t\t\t\t\t<div class=\"row_345\">\n\t\t\t\t\t<h3 class=\"blog-title\">\n\t\t\t\t\t\t<a href=\"https:\/\/ehemot.com.ar\/?p=178\" rel=\"bookmark\">\n\t\t\t\t\t\t\tNuevo AS-Cook\t\t\t\t\t\t<\/a>\n\t\t\t\t\t<\/h3>\n\t\t\t\t\t<p>Sistema de Punto de Venta para Restaurantes Sistema Web. Puede estar alojado en nuestros servidores o en forma local. Motor de Base de Datos: MySQL. \u00a1Solicite una demostraci\u00f3n ! Ver\u00a0el[&hellip;]<\/p>\n\t\t\t\t\t<a class=\"button blue small\" href=\"https:\/\/ehemot.com.ar\/?p=178\">\n\t\t\t\t\t\t<span data-theme=\"one_page_express_latest_news_read_more\">Read more<\/span>\n\t\t\t\t\t<\/a>\n\t\t\t\t\t<hr class=\"blog-separator\">\n<div class=\"post-header\">\n    <i class=\"font-icon-post fa fa-user\"><\/i>\n    <a href=\"https:\/\/ehemot.com.ar\/?author=1\" title=\"Posts by ehemot.com.ar\" rel=\"author\">ehemot.com.ar<\/a>    <i class=\"font-icon-post fa fa-calendar\"><\/i>\n    <span class=\"span12\">29 January, 2023<\/span>\n\n    <i class=\"font-icon-post fa fa-comment-o\"><\/i>\n    <span>0<\/span>\n<\/div>\t\t\t\t<\/div>\n\t\t\t<\/div>\n\t\t<\/div>\n\t\t\t\t<div id=\"post-189\" class=\"blog-postcol cp4cols\">\n\t\t\t<div class=\"post-content\">\n\t\t\t\t\t\t\t\t<div class=\"row_345\">\n\t\t\t\t\t<h3 class=\"blog-title\">\n\t\t\t\t\t\t<a href=\"https:\/\/ehemot.com.ar\/?p=189\" rel=\"bookmark\">\n\t\t\t\t\t\t\tNueva versi\u00f3n del sistema eHemot\t\t\t\t\t\t<\/a>\n\t\t\t\t\t<\/h3>\n\t\t\t\t\t<p>Usa motor de base de datos MySql y cuenta muchas mejoras y agregados. Tratamiento de Plasma de COVID19. Apto Lector de C\u00f3digos de Barras 2D para leer Documentos de Identidad.[&hellip;]<\/p>\n\t\t\t\t\t<a class=\"button blue small\" href=\"https:\/\/ehemot.com.ar\/?p=189\">\n\t\t\t\t\t\t<span data-theme=\"one_page_express_latest_news_read_more\">Read more<\/span>\n\t\t\t\t\t<\/a>\n\t\t\t\t\t<hr class=\"blog-separator\">\n<div class=\"post-header\">\n    <i class=\"font-icon-post fa fa-user\"><\/i>\n    <a href=\"https:\/\/ehemot.com.ar\/?author=1\" title=\"Posts by ehemot.com.ar\" rel=\"author\">ehemot.com.ar<\/a>    <i class=\"font-icon-post fa fa-calendar\"><\/i>\n    <span class=\"span12\">20 January, 2023<\/span>\n\n    <i class=\"font-icon-post fa fa-comment-o\"><\/i>\n    <span>0<\/span>\n<\/div>\t\t\t\t<\/div>\n\t\t\t<\/div>\n\t\t<\/div>\n\t\t<\/div> <div  class=\"blog-textcol\"> <a  class=\"button blue\" data-attr-shortcode=\"href:one_page_express_blog_link\" href=\"https:\/\/ehemot.com.ar\/?page_id=13\">m\u00e1s info\u2026<\/a> <\/div> <\/div><\/div><div  data-label=\"About\" data-id=\"about-four-boxes-section\" data-category=\"about\" class=\"about-four-boxes-section\" id=\"about\" style=\"background-color: rgb(255, 255, 255);\"> <div  class=\"gridContainer\"> <div  class=\"about-four-boxes-innerrow flexbox-list\"> <div  class=\"about-four-boxes-imgcol\" data-bg=\"image\" style=\"background-image: url(&quot;http:\/\/ehemot.com.ar\/wp-content\/uploads\/2023\/10\/cropped-fondoweb.jpg&quot;);\"><\/div> <div  class=\"about-four-boxes-textcol\" data-type=\"column\">  <h2  class=\"\">Sobre Nosotros<\/h2> <p  class=\"\">Abril Sistemas es el resultado del esfuerzo de profesionales en sistemas que a principios del 2000 y luego de formar parte por varios a\u00f1os de empresas reconocidas en sistemas, decidieron arriesgar con un emprendimiento propio.<\/p> <p  class=\"\"><span  style=\"color: rgb(87, 87, 87); font-family: &quot;Open Sans&quot;, Helvetica, sans-serif; font-size: 24px; font-style: italic;\">\u00abSoluciones inform\u00e1ticas pensadas para usuarios\u00bb<\/span><\/p><\/div> <div  class=\"about-four-boxes-textcol\" data-type=\"column\">  <h2  class=\"\">Objetivo:<\/h2> <p  class=\"\">Nuestro principal objetivo es que nuestros sistemas resulten estables, confiables, intuitivos y f\u00e1ciles de usar, a\u00fan por quienes no tengan conocimiento o experiencia en el uso de sistemas inform\u00e1ticos.<\/p> <p  class=\"\"><span  style=\"color: rgb(87, 87, 87); font-family: &quot;Open Sans&quot;, Helvetica, sans-serif; font-size: 18px; text-align: start;\">Hoy gracias a su confianza contamos con m\u00e1s de 50 empresas a lo largo del Pa\u00eds que nos eligieron.<\/span><\/p><\/div> <div  class=\"about-four-boxes-imgcol2\" data-bg=\"image\" style=\"background-image: url(&quot;http:\/\/ehemot.com.ar\/wp-content\/uploads\/2023\/10\/trabajo1.jpg&quot;);\"><\/div> <\/div> <\/div><\/div><div  data-label=\"Soporte Tecnico\" data-id=\"features-large-icons-section\" data-category=\"features\" class=\"features-large-icons-section\" id=\"soporte-tecnico\" style=\"background-color: rgb(246, 246, 246);\"> <div  class=\"gridContainer dynamic-color\"> <div  class=\"features-large-icons-textrow\"> <div  class=\"features-large-icons-textcol\" data-type=\"column\"> <h2  class=\"\">Soporte T\u00e9cnico<\/h2> <p  class=\"\">Tenemos la vocaci\u00f3n de servicio y la predisposici\u00f3n para ayudar a nuestros clientes. Para eso contamos con varios recursos.<\/p> <\/div> <\/div> <div  class=\"features-large-icons-featrow\" data-type=\"row\"> <div  class=\"features-large-icons-featcol cp6cols-tablet cp2cols\"> <div  class=\"features-icon-container-nomargin\"><i  data-cp-fa=\"true\" class=\"font-icon-features-icon-container fa fa-phone-square\"><\/i> <\/div> <h4  class=\"\">Atenci\u00f3n 24 x 7<\/h4> <p  class=\"\">Celular \/ SMS \/ WhatsApp : 11 5727-7680 \/ 1 . Nuevo medio de contacto: comuniquese por nuestro Chat.<\/p> <\/div> <div  class=\"features-large-icons-featcol cp6cols-tablet cp2cols\"> <div  class=\"features-icon-container-nomargin\"><i  data-cp-fa=\"true\" class=\"font-icon-features-icon-container fa fa-pencil-square-o\"><\/i> <\/div> <h4  class=\"\">Formulario de Soporte<\/h4> <p  class=\"\">Env\u00edenos su consulta, duda o problema por medio del formulario de soporte as\u00ed podremos darle la mejor respuesta en forma clara y segura.<\/p><a class=\"button blue\" href=\"https:\/\/ehemot.com.ar?page_id=213\" target=\"_self\" rel=\"noopener\">m\u00e1s info\u2026<\/a> <\/div> <div  class=\"features-large-icons-featcol cp6cols-tablet cp2cols\"> <div  class=\"features-icon-container-nomargin\"><i  data-cp-fa=\"true\" class=\"font-icon-features-icon-container fa fa-mortar-board\"><\/i> <\/div> <h4  class=\"\">Tutoriales y FAQs<\/h4> <p  class=\"\">Tutoriales y Guias de Usuario, Preguntas Frecuentes.<\/p> <\/div> <div  class=\"features-large-icons-featcol cp6cols-tablet cp2cols\"> <div  class=\"features-icon-container-nomargin\"><i  data-cp-fa=\"true\" class=\"font-icon-features-icon-container fa fa-window-restore\"><\/i> <\/div> <h4  class=\"\">Asistencia Remota<\/h4> <p  class=\"\">Brindamos Asistencia Remota para los casos que la complejidad lo requiera o el Usuario lo solicite.<\/p><a class=\"button blue\" href=\"https:\/\/onedrive.live.com?authkey=!AKutKd0jeR_vaSc&amp;cid=A9E55BD426899FF7&amp;id=A9E55BD426899FF7!2003&amp;parId=A9E55BD426899FF7!135&amp;o=OneUp\" target=\"_blank\" rel=\"noopener\">Descargar TeamviewerQS<\/a><a class=\"button blue\" href=\"https:\/\/onedrive.live.com?authkey=!ANYQrzWXJQpHRvg&amp;cid=A9E55BD426899FF7&amp;id=A9E55BD426899FF7!7112&amp;parId=A9E55BD426899FF7!135&amp;o=OneUp\" target=\"_blank\" rel=\"noopener\">Descargar AnyDesk<\/a> <\/div> <div  class=\"features-large-icons-featcol cp6cols-tablet cp2cols\"> <div  class=\"features-icon-container-nomargin\"><i  data-cp-fa=\"true\" class=\"font-icon-features-icon-container fa fa-refresh\"><\/i> <\/div> <h4  class=\"\">Activar Licencia<\/h4> <p  class=\"\">Activar el N\u00famero de Licencia peri\u00f3dicamente para continuar usando los sistemas instalados de acuerdo a lo convenido.<\/p><a class=\"button blue\" href=\"https:\/\/ehemot.com.ar?page_id=217\" target=\"_self\" rel=\"noopener\">m\u00e1s info\u2026<\/a> <\/div><div  class=\"features-large-icons-featcol cp6cols-tablet cp2cols\"> <div  class=\"features-icon-container-nomargin\"><i  data-cp-fa=\"true\" class=\"font-icon-features-icon-container fa fa-download\"><\/i> <\/div> <h4  class=\"\">Descargas<\/h4> <p  class=\"\">&nbsp;Programas, M\u00f3dulos, Actualizaciones, Documentos, etc. desde nuestro OneDrive.<\/p><a class=\"button blue\" href=\"https:\/\/onedrive.live.com?authkey=!ALQck-wSx6pd-fQ&amp;id=A9E55BD426899FF7!2926&amp;cid=A9E55BD426899FF7\" target=\"_blank\" rel=\"noopener\">Descargas eHemot<\/a><a class=\"button blue\" href=\"https:\/\/onedrive.live.com?authkey=!ALO0u5Dgv65Y0hc&amp;id=A9E55BD426899FF7!3027&amp;cid=A9E55BD426899FF7\" target=\"_blank\" rel=\"noopener\">Descargas Tools<\/a> <\/div><\/div> <\/div><\/div><div  id=\"contacto\" data-label=\"Contacto\" data-id=\"contact-section\" data-category=\"contact\" data-bg=\"transparent\" class=\"contact-section-formsection white-text\"> <div  class=\"gridContainer\"> <div  class=\"row_224\"> <div  class=\"contact-textrow\"> <div  class=\"contact-textcol dynamic-color\"> <h2  class=\"\">CONTACTO<\/h2> <p  class=\"white_text\">Env\u00edenos su consulta<\/p> <\/div> <\/div> <\/div> <div  class=\"contact-formcol\" data-content-shortcode=\"one_page_express_contact_form shortcode=&quot;contact-form-7 id=&amp;amp;quot;9c81cd2&amp;amp;quot; title=&amp;amp;quot;Formulario 1&amp;amp;quot;&quot;\" data-editable=\"true\">\n<div class=\"wpcf7 no-js\" id=\"wpcf7-f175-o1\" lang=\"es-AR\" dir=\"ltr\">\n<div class=\"screen-reader-response\"><p role=\"status\" aria-live=\"polite\" aria-atomic=\"true\"><\/p> <ul><\/ul><\/div>\n<form action=\"\/index.php?rest_route=%2Fwp%2Fv2%2Fpages%2F12#wpcf7-f175-o1\" method=\"post\" class=\"wpcf7-form init\" aria-label=\"Formulario de contacto\" novalidate=\"novalidate\" data-status=\"init\">\n<div style=\"display: none;\">\n<input type=\"hidden\" name=\"_wpcf7\" value=\"175\" \/>\n<input type=\"hidden\" name=\"_wpcf7_version\" value=\"5.8.3\" \/>\n<input type=\"hidden\" name=\"_wpcf7_locale\" value=\"es_AR\" \/>\n<input type=\"hidden\" name=\"_wpcf7_unit_tag\" value=\"wpcf7-f175-o1\" \/>\n<input type=\"hidden\" name=\"_wpcf7_container_post\" value=\"0\" \/>\n<input type=\"hidden\" name=\"_wpcf7_posted_data_hash\" value=\"\" \/>\n<\/div>\n<p><label> Tu nombre<br \/>\n<span class=\"wpcf7-form-control-wrap\" data-name=\"your-name\"><input size=\"40\" class=\"wpcf7-form-control wpcf7-text wpcf7-validates-as-required\" autocomplete=\"name\" aria-required=\"true\" aria-invalid=\"false\" value=\"\" type=\"text\" name=\"your-name\" \/><\/span> <\/label>\n<\/p>\n<p><label> Tu correo electr\u00f3nico<br \/>\n<span class=\"wpcf7-form-control-wrap\" data-name=\"your-email\"><input size=\"40\" class=\"wpcf7-form-control wpcf7-email wpcf7-validates-as-required wpcf7-text wpcf7-validates-as-email\" autocomplete=\"email\" aria-required=\"true\" aria-invalid=\"false\" value=\"\" type=\"email\" name=\"your-email\" \/><\/span> <\/label>\n<\/p>\n<p><label> Asunto<br \/>\n<span class=\"wpcf7-form-control-wrap\" data-name=\"your-subject\"><input size=\"40\" class=\"wpcf7-form-control wpcf7-text wpcf7-validates-as-required\" aria-required=\"true\" aria-invalid=\"false\" value=\"\" type=\"text\" name=\"your-subject\" \/><\/span> <\/label>\n<\/p>\n<p><label> Tu mensaje (opcional)<br \/>\n<span class=\"wpcf7-form-control-wrap\" data-name=\"your-message\"><textarea cols=\"40\" rows=\"10\" class=\"wpcf7-form-control wpcf7-textarea\" aria-invalid=\"false\" name=\"your-message\"><\/textarea><\/span> <\/label>\n<\/p>\n<p><input class=\"wpcf7-form-control wpcf7-submit has-spinner\" type=\"submit\" value=\"Enviar\" \/>\n<\/p><div class=\"wpcf7-response-output\" aria-hidden=\"true\"><\/div>\n<\/form>\n<\/div>\n<\/div> <\/div><\/div>","protected":false},"excerpt":{"rendered":"<p>eHemotSoftware de Gesti\u00f3n para Servicios de Hemoterapia y Bancos de Sangre. Permite realizar la gesti\u00f3n de hemoterapia de forma forma f\u00e1cil e intuitiva, desde el ingreso y Seguimiento del Donante, sus estudios para la producci\u00f3n de hemoderivados, hasta la aplicaci\u00f3n a Pacientes o env\u00edos a Otras Instituciones. m\u00e1s info\u2026 CRM \u2013 Sistema para la Gesti\u00f3n&hellip; <br \/> <a class=\"button small blue\" href=\"https:\/\/ehemot.com.ar\/?p=189\">Read more<\/a><\/p>\n","protected":false},"author":1,"featured_media":0,"parent":0,"menu_order":0,"comment_status":"closed","ping_status":"closed","template":"","meta":{"_monsterinsights_skip_tracking":false,"_monsterinsights_sitenote_active":false,"_monsterinsights_sitenote_note":"","_monsterinsights_sitenote_category":0,"footnotes":""},"aioseo_notices":[],"_links":{"self":[{"href":"https:\/\/ehemot.com.ar\/index.php?rest_route=\/wp\/v2\/pages\/12"}],"collection":[{"href":"https:\/\/ehemot.com.ar\/index.php?rest_route=\/wp\/v2\/pages"}],"about":[{"href":"https:\/\/ehemot.com.ar\/index.php?rest_route=\/wp\/v2\/types\/page"}],"author":[{"embeddable":true,"href":"https:\/\/ehemot.com.ar\/index.php?rest_route=\/wp\/v2\/users\/1"}],"replies":[{"embeddable":true,"href":"https:\/\/ehemot.com.ar\/index.php?rest_route=%2Fwp%2Fv2%2Fcomments&post=12"}],"version-history":[{"count":72,"href":"https:\/\/ehemot.com.ar\/index.php?rest_route=\/wp\/v2\/pages\/12\/revisions"}],"predecessor-version":[{"id":413,"href":"https:\/\/ehemot.com.ar\/index.php?rest_route=\/wp\/v2\/pages\/12\/revisions\/413"}],"wp:attachment":[{"href":"https:\/\/ehemot.com.ar\/index.php?rest_route=%2Fwp%2Fv2%2Fmedia&parent=12"}],"curies":[{"name":"wp","href":"https:\/\/api.w.org\/{rel}","templated":true}]}}