{"id":217,"date":"2023-10-29T18:46:24","date_gmt":"2023-10-29T21:46:24","guid":{"rendered":"https:\/\/ehemot.com.ar\/?page_id=217"},"modified":"2023-11-02T09:32:42","modified_gmt":"2023-11-02T12:32:42","slug":"activar-licencia","status":"publish","type":"page","link":"https:\/\/ehemot.com.ar\/?page_id=217","title":{"rendered":"Activar Licencia"},"content":{"rendered":"\t\t<div data-elementor-type=\"wp-page\" data-elementor-id=\"217\" class=\"elementor elementor-217\">\n\t\t\t\t\t\t\t<div class=\"elementor-element elementor-element-6be4e6aa e-flex e-con-boxed e-con e-parent\" data-id=\"6be4e6aa\" data-element_type=\"container\" data-settings=\"{&quot;content_width&quot;:&quot;boxed&quot;}\" data-core-v316-plus=\"true\">\n\t\t\t\t\t<div class=\"e-con-inner\">\n\t\t\t\t<div class=\"elementor-element elementor-element-34f0e528 elementor-widget elementor-widget-text-editor\" data-id=\"34f0e528\" data-element_type=\"widget\" data-widget_type=\"text-editor.default\">\n\t\t\t\t<div class=\"elementor-widget-container\">\n\t\t\t<style>\/*! elementor - v3.17.0 - 08-11-2023 *\/\n.elementor-widget-text-editor.elementor-drop-cap-view-stacked .elementor-drop-cap{background-color:#69727d;color:#fff}.elementor-widget-text-editor.elementor-drop-cap-view-framed .elementor-drop-cap{color:#69727d;border:3px solid;background-color:transparent}.elementor-widget-text-editor:not(.elementor-drop-cap-view-default) .elementor-drop-cap{margin-top:8px}.elementor-widget-text-editor:not(.elementor-drop-cap-view-default) .elementor-drop-cap-letter{width:1em;height:1em}.elementor-widget-text-editor .elementor-drop-cap{float:left;text-align:center;line-height:1;font-size:50px}.elementor-widget-text-editor .elementor-drop-cap-letter{display:inline-block}<\/style>\t\t\t\t<h3 class=\"wp-block-heading\">Activar Licencia:<\/h3>\nCada Usuario debe activar el Nro. de Licencia peri\u00f3dicamente seg\u00fan lo convenido, este proceso se debe realizar cuando el Sistema lo solicite siguiendo las siguientes\u00a0<strong>instrucciones<\/strong>:\n\nIngrese el Nro. de Usuario que figura en su\u00a0Sistema (ejemplo: 123A-12345-99999), luego presione el Bot\u00f3n \u201cBuscar\u201d. Si todo esta bien aparecer\u00e1 un nuevo N\u00famero de Activaci\u00f3n el cual debe ser ingresado al sistema para seguir funcionando correctamente.\n\n&nbsp;\t\t\t\t\t\t<\/div>\n\t\t\t\t<\/div>\n\t\t\t\t\t<\/div>\n\t\t\t\t<\/div>\n\t\t<div class=\"elementor-element elementor-element-0cd9ae5 e-flex e-con-boxed e-con e-parent\" data-id=\"0cd9ae5\" data-element_type=\"container\" data-settings=\"{&quot;content_width&quot;:&quot;boxed&quot;}\" data-core-v316-plus=\"true\">\n\t\t\t\t\t<div class=\"e-con-inner\">\n\t\t\t\t<div class=\"elementor-element elementor-element-9a32455 elementor-widget__width-initial elementor-widget elementor-widget-html\" data-id=\"9a32455\" data-element_type=\"widget\" data-widget_type=\"html.default\">\n\t\t\t\t<div class=\"elementor-widget-container\">\n\t\t\t<form action=\"\/asvalid.php\" method=\"POST\">Nro. de Usuario: <input name=\"nlic\" size=\"20\" type=\"text\">\r\n<p>&nbsp;<\/p>\r\n<p><input name=\"B1\" type=\"submit\" value=\"Buscar\"><\/p>\r\n<p><input type=\"reset\" value=\"Borrar\"><\/p>\r\n<\/form>\t\t<\/div>\n\t\t\t\t<\/div>\n\t\t\t\t\t<\/div>\n\t\t\t\t<\/div>\n\t\t\t\t\t\t\t<\/div>\n\t\t","protected":false},"excerpt":{"rendered":"<p>Activar Licencia: Cada Usuario debe activar el Nro. de Licencia peri\u00f3dicamente seg\u00fan lo convenido, este proceso se debe realizar cuando el Sistema lo solicite siguiendo las siguientes\u00a0instrucciones: Ingrese el Nro. de Usuario que figura en su\u00a0Sistema (ejemplo: 123A-12345-99999), luego presione el Bot\u00f3n \u201cBuscar\u201d. Si todo esta bien aparecer\u00e1 un nuevo N\u00famero de Activaci\u00f3n el cual&hellip; <br \/> <a class=\"button small blue\" href=\"https:\/\/ehemot.com.ar\/?page_id=217\">Read more<\/a><\/p>\n","protected":false},"author":1,"featured_media":0,"parent":0,"menu_order":0,"comment_status":"closed","ping_status":"closed","template":"","meta":{"_monsterinsights_skip_tracking":false,"_monsterinsights_sitenote_active":false,"_monsterinsights_sitenote_note":"","_monsterinsights_sitenote_category":0,"footnotes":""},"aioseo_notices":[],"_links":{"self":[{"href":"https:\/\/ehemot.com.ar\/index.php?rest_route=\/wp\/v2\/pages\/217"}],"collection":[{"href":"https:\/\/ehemot.com.ar\/index.php?rest_route=\/wp\/v2\/pages"}],"about":[{"href":"https:\/\/ehemot.com.ar\/index.php?rest_route=\/wp\/v2\/types\/page"}],"author":[{"embeddable":true,"href":"https:\/\/ehemot.com.ar\/index.php?rest_route=\/wp\/v2\/users\/1"}],"replies":[{"embeddable":true,"href":"https:\/\/ehemot.com.ar\/index.php?rest_route=%2Fwp%2Fv2%2Fcomments&post=217"}],"version-history":[{"count":11,"href":"https:\/\/ehemot.com.ar\/index.php?rest_route=\/wp\/v2\/pages\/217\/revisions"}],"predecessor-version":[{"id":308,"href":"https:\/\/ehemot.com.ar\/index.php?rest_route=\/wp\/v2\/pages\/217\/revisions\/308"}],"wp:attachment":[{"href":"https:\/\/ehemot.com.ar\/index.php?rest_route=%2Fwp%2Fv2%2Fmedia&parent=217"}],"curies":[{"name":"wp","href":"https:\/\/api.w.org\/{rel}","templated":true}]}}