{"id":319,"date":"2023-11-03T07:56:32","date_gmt":"2023-11-03T10:56:32","guid":{"rendered":"https:\/\/ehemot.com.ar\/?page_id=319"},"modified":"2025-04-09T23:11:01","modified_gmt":"2025-04-10T02:11:01","slug":"sistema-ehemot","status":"publish","type":"page","link":"https:\/\/ehemot.com.ar\/?page_id=319","title":{"rendered":"Sistema eHemot"},"content":{"rendered":"\t\t<div data-elementor-type=\"wp-page\" data-elementor-id=\"319\" class=\"elementor elementor-319\">\n\t\t\t\t\t\t\t<div class=\"elementor-element elementor-element-7b146d1 e-flex e-con-boxed e-con e-parent\" data-id=\"7b146d1\" data-element_type=\"container\" data-settings=\"{&quot;content_width&quot;:&quot;boxed&quot;}\" data-core-v316-plus=\"true\">\n\t\t\t\t\t<div class=\"e-con-inner\">\n\t\t\t\t<div class=\"elementor-element elementor-element-bf4d490 elementor-widget elementor-widget-heading\" data-id=\"bf4d490\" data-element_type=\"widget\" data-widget_type=\"heading.default\">\n\t\t\t\t<div class=\"elementor-widget-container\">\n\t\t\t<style>\/*! elementor - v3.17.0 - 08-11-2023 *\/\n.elementor-heading-title{padding:0;margin:0;line-height:1}.elementor-widget-heading .elementor-heading-title[class*=elementor-size-]>a{color:inherit;font-size:inherit;line-height:inherit}.elementor-widget-heading .elementor-heading-title.elementor-size-small{font-size:15px}.elementor-widget-heading .elementor-heading-title.elementor-size-medium{font-size:19px}.elementor-widget-heading .elementor-heading-title.elementor-size-large{font-size:29px}.elementor-widget-heading .elementor-heading-title.elementor-size-xl{font-size:39px}.elementor-widget-heading .elementor-heading-title.elementor-size-xxl{font-size:59px}<\/style><h2 class=\"elementor-heading-title elementor-size-default\">e-Hemot \u2013 Sistema de Gesti\u00f3n para Servicios de Hemoterapia y Bancos de Sangre.<\/h2>\t\t<\/div>\n\t\t\t\t<\/div>\n\t\t\t\t\t<\/div>\n\t\t\t\t<\/div>\n\t\t<div class=\"elementor-element elementor-element-1b72f94 e-flex e-con-boxed e-con e-parent\" data-id=\"1b72f94\" data-element_type=\"container\" data-settings=\"{&quot;content_width&quot;:&quot;boxed&quot;}\" data-core-v316-plus=\"true\">\n\t\t\t\t\t<div class=\"e-con-inner\">\n\t\t<div class=\"elementor-element elementor-element-0999b2b e-con-full e-flex e-con e-child\" data-id=\"0999b2b\" data-element_type=\"container\" data-settings=\"{&quot;content_width&quot;:&quot;full&quot;}\">\n\t\t\t\t<div class=\"elementor-element elementor-element-056cd05 elementor-widget elementor-widget-image\" data-id=\"056cd05\" data-element_type=\"widget\" data-widget_type=\"image.default\">\n\t\t\t\t<div class=\"elementor-widget-container\">\n\t\t\t<style>\/*! elementor - v3.17.0 - 08-11-2023 *\/\n.elementor-widget-image{text-align:center}.elementor-widget-image a{display:inline-block}.elementor-widget-image a img[src$=\".svg\"]{width:48px}.elementor-widget-image img{vertical-align:middle;display:inline-block}<\/style>\t\t\t\t\t\t\t\t\t\t\t\t<img fetchpriority=\"high\" decoding=\"async\" width=\"300\" height=\"196\" src=\"https:\/\/ehemot.com.ar\/wp-content\/uploads\/2023\/11\/siseh5-300x196.jpg\" class=\"attachment-medium size-medium wp-image-331\" alt=\"\" srcset=\"https:\/\/ehemot.com.ar\/wp-content\/uploads\/2023\/11\/siseh5-300x196.jpg 300w, https:\/\/ehemot.com.ar\/wp-content\/uploads\/2023\/11\/siseh5.jpg 527w\" sizes=\"(max-width: 300px) 100vw, 300px\" \/>\t\t\t\t\t\t\t\t\t\t\t\t\t\t\t<\/div>\n\t\t\t\t<\/div>\n\t\t\t\t<\/div>\n\t\t<div class=\"elementor-element elementor-element-0837a23 e-con-full e-flex e-con e-child\" data-id=\"0837a23\" data-element_type=\"container\" data-settings=\"{&quot;content_width&quot;:&quot;full&quot;}\">\n\t\t\t\t<div class=\"elementor-element elementor-element-7f3e6e3 elementor-widget elementor-widget-text-editor\" data-id=\"7f3e6e3\" data-element_type=\"widget\" data-widget_type=\"text-editor.default\">\n\t\t\t\t<div class=\"elementor-widget-container\">\n\t\t\t<style>\/*! elementor - v3.17.0 - 08-11-2023 *\/\n.elementor-widget-text-editor.elementor-drop-cap-view-stacked .elementor-drop-cap{background-color:#69727d;color:#fff}.elementor-widget-text-editor.elementor-drop-cap-view-framed .elementor-drop-cap{color:#69727d;border:3px solid;background-color:transparent}.elementor-widget-text-editor:not(.elementor-drop-cap-view-default) .elementor-drop-cap{margin-top:8px}.elementor-widget-text-editor:not(.elementor-drop-cap-view-default) .elementor-drop-cap-letter{width:1em;height:1em}.elementor-widget-text-editor .elementor-drop-cap{float:left;text-align:center;line-height:1;font-size:50px}.elementor-widget-text-editor .elementor-drop-cap-letter{display:inline-block}<\/style>\t\t\t\t<p><strong>e-Hemot<\/strong>\u00a0 esta dise\u00f1ado con las \u00faltimas tecnolog\u00edas en desarrollo de sistemas, somos una empresa de desarrollo, de esta forma podemos adaptar los sistemas a las necesidades de cada cliente.<\/p><p>Permite realizar la gesti\u00f3n de hemoterapia de forma f\u00e1cil e intuitiva, desde el ingreso y Seguimiento del Donante, sus estudios para la producci\u00f3n de hemoderivados, hasta la aplicaci\u00f3n a Pacientes o env\u00edos a Otras Instituciones, siempre cumpliendo con las validaciones y la emisi\u00f3n de informes que la especialidad requiere.<\/p>\t\t\t\t\t\t<\/div>\n\t\t\t\t<\/div>\n\t\t\t\t<\/div>\n\t\t\t\t\t<\/div>\n\t\t\t\t<\/div>\n\t\t<div class=\"elementor-element elementor-element-c127caa e-flex e-con-boxed e-con e-parent\" data-id=\"c127caa\" data-element_type=\"container\" data-settings=\"{&quot;content_width&quot;:&quot;boxed&quot;}\" data-core-v316-plus=\"true\">\n\t\t\t\t\t<div class=\"e-con-inner\">\n\t\t\t\t<div class=\"elementor-element elementor-element-53210b2 elementor-arrows-position-inside elementor-pagination-position-outside elementor-widget elementor-widget-image-carousel\" data-id=\"53210b2\" data-element_type=\"widget\" data-settings=\"{&quot;slides_to_show&quot;:&quot;3&quot;,&quot;navigation&quot;:&quot;both&quot;,&quot;autoplay&quot;:&quot;yes&quot;,&quot;pause_on_hover&quot;:&quot;yes&quot;,&quot;pause_on_interaction&quot;:&quot;yes&quot;,&quot;autoplay_speed&quot;:5000,&quot;infinite&quot;:&quot;yes&quot;,&quot;speed&quot;:500}\" data-widget_type=\"image-carousel.default\">\n\t\t\t\t<div class=\"elementor-widget-container\">\n\t\t\t<style>\/*! elementor - v3.17.0 - 08-11-2023 *\/\n.elementor-widget-image-carousel .swiper,.elementor-widget-image-carousel .swiper-container{position:static}.elementor-widget-image-carousel .swiper-container .swiper-slide figure,.elementor-widget-image-carousel .swiper .swiper-slide figure{line-height:inherit}.elementor-widget-image-carousel .swiper-slide{text-align:center}.elementor-image-carousel-wrapper:not(.swiper-container-initialized):not(.swiper-initialized) .swiper-slide{max-width:calc(100% \/ var(--e-image-carousel-slides-to-show, 3))}<\/style>\t\t<div class=\"elementor-image-carousel-wrapper swiper\" dir=\"ltr\">\n\t\t\t<div class=\"elementor-image-carousel swiper-wrapper\" aria-live=\"off\">\n\t\t\t\t\t\t\t\t<div class=\"swiper-slide\" role=\"group\" aria-roledescription=\"slide\" aria-label=\"1 of 5\"><figure class=\"swiper-slide-inner\"><img decoding=\"async\" class=\"swiper-slide-image\" src=\"https:\/\/ehemot.com.ar\/wp-content\/uploads\/2023\/11\/siseh1-300x182.jpg\" alt=\"siseh1\" \/><\/figure><\/div><div class=\"swiper-slide\" role=\"group\" aria-roledescription=\"slide\" aria-label=\"2 of 5\"><figure class=\"swiper-slide-inner\"><img decoding=\"async\" class=\"swiper-slide-image\" src=\"https:\/\/ehemot.com.ar\/wp-content\/uploads\/2023\/11\/siseh2-300x183.jpg\" alt=\"siseh2\" \/><\/figure><\/div><div class=\"swiper-slide\" role=\"group\" aria-roledescription=\"slide\" aria-label=\"3 of 5\"><figure class=\"swiper-slide-inner\"><img decoding=\"async\" class=\"swiper-slide-image\" src=\"https:\/\/ehemot.com.ar\/wp-content\/uploads\/2023\/11\/siseh3-300x183.jpg\" alt=\"siseh3\" \/><\/figure><\/div><div class=\"swiper-slide\" role=\"group\" aria-roledescription=\"slide\" aria-label=\"4 of 5\"><figure class=\"swiper-slide-inner\"><img decoding=\"async\" class=\"swiper-slide-image\" src=\"https:\/\/ehemot.com.ar\/wp-content\/uploads\/2023\/11\/siseh4-300x183.jpg\" alt=\"siseh4\" \/><\/figure><\/div><div class=\"swiper-slide\" role=\"group\" aria-roledescription=\"slide\" aria-label=\"5 of 5\"><figure class=\"swiper-slide-inner\"><img decoding=\"async\" class=\"swiper-slide-image\" src=\"https:\/\/ehemot.com.ar\/wp-content\/uploads\/2023\/11\/siseh8-300x183.jpg\" alt=\"siseh8\" \/><\/figure><\/div>\t\t\t<\/div>\n\t\t\t\t\t\t\t\t\t\t\t\t<div class=\"elementor-swiper-button elementor-swiper-button-prev\" role=\"button\" tabindex=\"0\">\n\t\t\t\t\t\t<i aria-hidden=\"true\" class=\"eicon-chevron-left\"><\/i>\t\t\t\t\t<\/div>\n\t\t\t\t\t<div class=\"elementor-swiper-button elementor-swiper-button-next\" role=\"button\" tabindex=\"0\">\n\t\t\t\t\t\t<i aria-hidden=\"true\" class=\"eicon-chevron-right\"><\/i>\t\t\t\t\t<\/div>\n\t\t\t\t\n\t\t\t\t\t\t\t\t\t<div class=\"swiper-pagination\"><\/div>\n\t\t\t\t\t\t\t\t\t<\/div>\n\t\t\t\t<\/div>\n\t\t\t\t<\/div>\n\t\t\t\t\t<\/div>\n\t\t\t\t<\/div>\n\t\t<div class=\"elementor-element elementor-element-a1835e9 e-flex e-con-boxed e-con e-parent\" data-id=\"a1835e9\" data-element_type=\"container\" data-settings=\"{&quot;content_width&quot;:&quot;boxed&quot;}\" data-core-v316-plus=\"true\">\n\t\t\t\t\t<div class=\"e-con-inner\">\n\t\t<div class=\"elementor-element elementor-element-eccc890 e-con-full e-flex e-con e-child\" data-id=\"eccc890\" data-element_type=\"container\" data-settings=\"{&quot;content_width&quot;:&quot;full&quot;}\">\n\t\t\t\t<div class=\"elementor-element elementor-element-fcc94d5 elementor-widget elementor-widget-text-editor\" data-id=\"fcc94d5\" data-element_type=\"widget\" data-widget_type=\"text-editor.default\">\n\t\t\t\t<div class=\"elementor-widget-container\">\n\t\t\t\t\t\t\t<p><strong>Caracter\u00edsticas del Sistema:<\/strong><\/p><ul><li>Seguridad por Usuarios.<\/li><li>Auditor\u00eda.<\/li><li>Ficha de Donaci\u00f3n \u2013 Hemo II.<\/li><li>Carga de Donaciones, Predonantes y Muestras Externas.<\/li><li>Base de Donantes\u00a0\u2013 Historial de Donaciones \u2013 Alertas de Donaci\u00f3n.<\/li><li>Carga y Stock de Hemocomponentes \u2013 <strong>Incluye CPH y Plasma Convaleciente\u00a0\u2013 Tratamiento de Plasma de COVID19.<\/strong><\/li><li>Serolog\u00eda Convencional y B.M. con carga de Lotes.<\/li><li>Apto Lector de C\u00f3digos de Barras para el uso de las Etiquetas de Identificaci\u00f3n y seguimiento de las Unidades y Tubos.<\/li><li><strong>Apto Lector de C\u00f3digos de Barras 2D para leer Documentos de Identidad<\/strong>. De esta forma se fideliza la b\u00fasqueda y carga de Donantes\/Pacientes solo con un clic.<\/li><li>Base de Datos de Pacientes e Historias Cl\u00ednicas, Inmunohematolog\u00eda y Serolog\u00eda.<\/li><li>Transfusiones a Pacientes.<\/li><li>Env\u00edos de Unidades a Otras Instituciones \u2013 Certificados de Envi\u00f3 de Plasma de forma autom\u00e1tica.<\/li><li>Descartes de Hemocomponentes.<\/li><li>Generaci\u00f3n Autom\u00e1tica de los 6 Libros Oficiales.<\/li><li>M\u00f3dulo para Liquidaciones de Prestaciones.<\/li><li>Consultas y Listados de cada m\u00f3dulo del sistema lo que permite hacer controles detallados y estad\u00edsticos (exportaciones a Excel).<\/li><li>M\u00f3dulo para el intercambio de informaci\u00f3n entre instituciones.<\/li><li>M\u00f3dulo de emisi\u00f3n de <strong>Etiquetas \u00danicas de Identificaci\u00f3n<\/strong> con validaci\u00f3n y Etiquetas de Seguimiento \u2013 <strong>compatible con todas las etiquetadoras del mercado<\/strong>.<\/li><li>Cumplimiento del sistema de <strong>etiquetado ISBT 128<\/strong><\/li><li>M\u00f3dulo de Estad\u00edsticas \u2013 Plan Nacional de Sangre.<\/li><\/ul>\t\t\t\t\t\t<\/div>\n\t\t\t\t<\/div>\n\t\t\t\t<\/div>\n\t\t<div class=\"elementor-element elementor-element-22149cd e-con-full e-flex e-con e-child\" data-id=\"22149cd\" data-element_type=\"container\" data-settings=\"{&quot;content_width&quot;:&quot;full&quot;}\">\n\t\t\t\t<div class=\"elementor-element elementor-element-a77a1a2 elementor-widget elementor-widget-text-editor\" data-id=\"a77a1a2\" data-element_type=\"widget\" data-widget_type=\"text-editor.default\">\n\t\t\t\t<div class=\"elementor-widget-container\">\n\t\t\t\t\t\t\t<p><strong>Caracter\u00edsticas T\u00e9cnicas:<\/strong><\/p><ul><li>Sistema Multi-Usuario \u2013 Redes Windows.<\/li><li>Sistema 32Bits. Compatible con WinXP \/ Win7 \/ Win10 \/ Windows Server.<\/li><li>Motor de Base de Datos: <strong>MySQL<\/strong>.<\/li><li><strong>Contamos con Servidor Dedicado<\/strong> para usuarios que no dispongan de un Servidor \u2013 Solo es necesario una conexi\u00f3n a internet.<\/li><\/ul>\t\t\t\t\t\t<\/div>\n\t\t\t\t<\/div>\n\t\t\t\t<\/div>\n\t\t\t\t\t<\/div>\n\t\t\t\t<\/div>\n\t\t\t\t\t\t\t<\/div>\n\t\t","protected":false},"excerpt":{"rendered":"<p>e-Hemot \u2013 Sistema de Gesti\u00f3n para Servicios de Hemoterapia y Bancos de Sangre. e-Hemot\u00a0 esta dise\u00f1ado con las \u00faltimas tecnolog\u00edas en desarrollo de sistemas, somos una empresa de desarrollo, de esta forma podemos adaptar los sistemas a las necesidades de cada cliente. Permite realizar la gesti\u00f3n de hemoterapia de forma f\u00e1cil e intuitiva, desde el&hellip; <br \/> <a class=\"button small blue\" href=\"https:\/\/ehemot.com.ar\/?page_id=319\">Read more<\/a><\/p>\n","protected":false},"author":1,"featured_media":0,"parent":0,"menu_order":0,"comment_status":"closed","ping_status":"closed","template":"","meta":{"_monsterinsights_skip_tracking":false,"_monsterinsights_sitenote_active":false,"_monsterinsights_sitenote_note":"","_monsterinsights_sitenote_category":0,"footnotes":""},"aioseo_notices":[],"_links":{"self":[{"href":"https:\/\/ehemot.com.ar\/index.php?rest_route=\/wp\/v2\/pages\/319"}],"collection":[{"href":"https:\/\/ehemot.com.ar\/index.php?rest_route=\/wp\/v2\/pages"}],"about":[{"href":"https:\/\/ehemot.com.ar\/index.php?rest_route=\/wp\/v2\/types\/page"}],"author":[{"embeddable":true,"href":"https:\/\/ehemot.com.ar\/index.php?rest_route=\/wp\/v2\/users\/1"}],"replies":[{"embeddable":true,"href":"https:\/\/ehemot.com.ar\/index.php?rest_route=%2Fwp%2Fv2%2Fcomments&post=319"}],"version-history":[{"count":46,"href":"https:\/\/ehemot.com.ar\/index.php?rest_route=\/wp\/v2\/pages\/319\/revisions"}],"predecessor-version":[{"id":433,"href":"https:\/\/ehemot.com.ar\/index.php?rest_route=\/wp\/v2\/pages\/319\/revisions\/433"}],"wp:attachment":[{"href":"https:\/\/ehemot.com.ar\/index.php?rest_route=%2Fwp%2Fv2%2Fmedia&parent=319"}],"curies":[{"name":"wp","href":"https:\/\/api.w.org\/{rel}","templated":true}]}}